{"id":1307,"date":"2024-04-09T19:17:45","date_gmt":"2024-04-09T17:17:45","guid":{"rendered":"https:\/\/wp.indexa.com.ve\/?page_id=1307"},"modified":"2024-07-04T05:07:18","modified_gmt":"2024-07-04T03:07:18","slug":"soluciones-it","status":"publish","type":"page","link":"https:\/\/wp.indexa.com.ve\/?page_id=1307","title":{"rendered":"Soluciones IT"},"content":{"rendered":"\n<div class=\"wp-block-uagb-container uagb-block-37fe9e23 alignfull uagb-is-root-container\">\n<div class=\"wp-block-uagb-advanced-heading uagb-block-d36b578f\"><h1 class=\"uagb-heading-text\"><strong>SOLUCIONES DE IT<\/strong><\/h1><\/div>\n<\/div>\n\n\n\n<div class=\"wp-block-uagb-container uagb-block-9d28413d alignfull uagb-is-root-container\"><div class=\"uagb-container-inner-blocks-wrap\">\n<p><\/p>\n\n\n\n<div class=\"wp-block-uagb-advanced-heading uagb-block-197b3fc4\"><h3 class=\"uagb-heading-text\">Soluciones Tecnol\u00f3gicas Integradas (Software -Hardware)<\/h3><\/div>\n\n\n\n<div class=\"wp-block-uagb-info-box uagb-block-1160787b uagb-infobox__content-wrap  uagb-infobox-icon-above-title uagb-infobox-image-valign-top\"><div class=\"uagb-ifb-content\"><div class=\"uagb-ifb-title-wrap\"><h2 class=\"uagb-ifb-title\">En Indexa, contamos con un equipo especializado y dedicado exclusivamente a la instalaci\u00f3n, certificaci\u00f3n, mantenimiento y administraci\u00f3n de infraestructuras tecnol\u00f3gicas.<\/h2><\/div><p class=\"uagb-ifb-desc\">Nuestro departamento de Infraestructura IT est\u00e1 formado por profesionales capacitados y certificados por l\u00edderes de la industria como Cisco, Microsoft, Siemon, Fortinet, entre otros con una amplia experiencia en una variedad de soluciones tecnol\u00f3gicas, para ayudarlos a operar con eficiencia y vanguardia.&nbsp;<br><br><\/p><div class=\"uagb-ifb-button-wrapper wp-block-button\"><a href=\"https:\/\/wp.indexa.com.ve\/?page_id=497\" class=\"uagb-infobox-cta-link wp-block-button__link\" target=\"_self\" rel=\"noopener noreferrer\" onclick=\"return true;\" alt=\"\"><span class=\"uagb-inline-editing\">Nuestros servicios<\/span><\/a><\/div><\/div><\/div>\n\n\n\n<p><\/p>\n\n\n\n<div class=\"wp-block-uagb-advanced-heading uagb-block-6449708d\"><h2 class=\"uagb-heading-text\">\u00c1reas de Experticia.<\/h2><\/div>\n\n\n\n<p><\/p>\n\n\n\n<div class=\"wp-block-uagb-info-box uagb-block-639134ac uagb-infobox__content-wrap  uagb-infobox-icon-left uagb-infobox-left uagb-infobox-image-valign-top\"><div class=\"uagb-ifb-icon-wrap\"><div class=\"uagb-iconbox-icon-wrap uagb-infobox-shape-circle\"><svg xmlns=\"https:\/\/www.w3.org\/2000\/svg\" viewBox=\"0 0 384 512\"><path d=\"M336 0C362.5 0 384 21.49 384 48V464C384 490.5 362.5 512 336 512H240V432C240 405.5 218.5 384 192 384C165.5 384 144 405.5 144 432V512H48C21.49 512 0 490.5 0 464V48C0 21.49 21.49 0 48 0H336zM64 272C64 280.8 71.16 288 80 288H112C120.8 288 128 280.8 128 272V240C128 231.2 120.8 224 112 224H80C71.16 224 64 231.2 64 240V272zM176 224C167.2 224 160 231.2 160 240V272C160 280.8 167.2 288 176 288H208C216.8 288 224 280.8 224 272V240C224 231.2 216.8 224 208 224H176zM256 272C256 280.8 263.2 288 272 288H304C312.8 288 320 280.8 320 272V240C320 231.2 312.8 224 304 224H272C263.2 224 256 231.2 256 240V272zM80 96C71.16 96 64 103.2 64 112V144C64 152.8 71.16 160 80 160H112C120.8 160 128 152.8 128 144V112C128 103.2 120.8 96 112 96H80zM160 144C160 152.8 167.2 160 176 160H208C216.8 160 224 152.8 224 144V112C224 103.2 216.8 96 208 96H176C167.2 96 160 103.2 160 112V144zM272 96C263.2 96 256 103.2 256 112V144C256 152.8 263.2 160 272 160H304C312.8 160 320 152.8 320 144V112C320 103.2 312.8 96 304 96H272z\"><\/path><\/svg><\/div><\/div><div class=\"uagb-ifb-content\"><div class=\"uagb-ifb-title-wrap\"><h3 class=\"uagb-ifb-title\">Dise\u00f1o de Infraestructura Tecnol\u00f3gica:<\/h3><\/div><p class=\"uagb-ifb-desc\">Desarrollamos soluciones personalizadas de infraestructura tecnol\u00f3gica adaptadas a las necesidades espec\u00edficas de su empresa, garantizando un entorno tecnol\u00f3gico eficiente y seguro.<\/p><\/div><\/div>\n\n\n\n<div class=\"wp-block-uagb-info-box uagb-block-639134ac uagb-infobox__content-wrap  uagb-infobox-icon-left uagb-infobox-left uagb-infobox-image-valign-top\"><div class=\"uagb-ifb-icon-wrap\"><div class=\"uagb-iconbox-icon-wrap uagb-infobox-shape-circle\"><svg xmlns=\"https:\/\/www.w3.org\/2000\/svg\" viewBox=\"0 0 640 512\"><path d=\"M336 0C362.5 0 384 21.49 384 48V232.2C344.9 264.5 320 313.3 320 368C320 417.5 340.4 462.2 373.3 494.2C364.5 505.1 351.1 512 336 512H240V432C240 405.5 218.5 384 192 384C165.5 384 144 405.5 144 432V512H48C21.49 512 0 490.5 0 464V48C0 21.49 21.49 0 48 0H336zM64 272C64 280.8 71.16 288 80 288H112C120.8 288 128 280.8 128 272V240C128 231.2 120.8 224 112 224H80C71.16 224 64 231.2 64 240V272zM176 224C167.2 224 160 231.2 160 240V272C160 280.8 167.2 288 176 288H208C216.8 288 224 280.8 224 272V240C224 231.2 216.8 224 208 224H176zM256 272C256 280.8 263.2 288 272 288H304C312.8 288 320 280.8 320 272V240C320 231.2 312.8 224 304 224H272C263.2 224 256 231.2 256 240V272zM80 96C71.16 96 64 103.2 64 112V144C64 152.8 71.16 160 80 160H112C120.8 160 128 152.8 128 144V112C128 103.2 120.8 96 112 96H80zM160 144C160 152.8 167.2 160 176 160H208C216.8 160 224 152.8 224 144V112C224 103.2 216.8 96 208 96H176C167.2 96 160 103.2 160 112V144zM272 96C263.2 96 256 103.2 256 112V144C256 152.8 263.2 160 272 160H304C312.8 160 320 152.8 320 144V112C320 103.2 312.8 96 304 96H272zM640 368C640 447.5 575.5 512 496 512C416.5 512 352 447.5 352 368C352 288.5 416.5 224 496 224C575.5 224 640 288.5 640 368zM540.7 324.7L480 385.4L451.3 356.7C445.1 350.4 434.9 350.4 428.7 356.7C422.4 362.9 422.4 373.1 428.7 379.3L468.7 419.3C474.9 425.6 485.1 425.6 491.3 419.3L563.3 347.3C569.6 341.1 569.6 330.9 563.3 324.7C557.1 318.4 546.9 318.4 540.7 324.7H540.7z\"><\/path><\/svg><\/div><\/div><div class=\"uagb-ifb-content\"><div class=\"uagb-ifb-title-wrap\"><h3 class=\"uagb-ifb-title\">Acondicionamiento e Instalaci\u00f3n de Cuartos de Datos:<\/h3><\/div><p class=\"uagb-ifb-desc\">Desde Tier 1 hasta soluciones de alta disponibilidad, nos encargamos del dise\u00f1o, instalaci\u00f3n y certificaci\u00f3n de cuartos de datos para garantizar la integridad y seguridad de sus sistemas.<\/p><\/div><\/div>\n\n\n\n<div class=\"wp-block-uagb-info-box uagb-block-639134ac uagb-infobox__content-wrap  uagb-infobox-icon-left uagb-infobox-left uagb-infobox-image-valign-top\"><div class=\"uagb-ifb-icon-wrap\"><div class=\"uagb-iconbox-icon-wrap uagb-infobox-shape-circle\"><svg xmlns=\"https:\/\/www.w3.org\/2000\/svg\" viewBox=\"0 0 192 512\"><path d=\"M64 448C64 465.7 49.67 480 32 480C14.33 480 0 465.7 0 448V64C0 46.33 14.33 32 32 32C49.67 32 64 46.33 64 64V448zM192 448C192 465.7 177.7 480 160 480C142.3 480 128 465.7 128 448V64C128 46.33 142.3 32 160 32C177.7 32 192 46.33 192 64V448z\"><\/path><\/svg><\/div><\/div><div class=\"uagb-ifb-content\"><div class=\"uagb-ifb-title-wrap\"><h3 class=\"uagb-ifb-title\">Cableado Estructurado:<\/h3><\/div><p class=\"uagb-ifb-desc\">Dise\u00f1amos, implementamos y certificamos proyectos de cableado estructurado UTP y Fibra \u00d3ptica para redes de voz y datos, asegurando una conectividad confiable y de alto rendimiento en toda su infraestructura.<\/p><\/div><\/div>\n\n\n\n<div class=\"wp-block-uagb-info-box uagb-block-b83570b6 uagb-infobox__content-wrap  uagb-infobox-icon-left uagb-infobox-left uagb-infobox-image-valign-top\"><div class=\"uagb-ifb-icon-wrap\"><div class=\"uagb-iconbox-icon-wrap uagb-infobox-shape-circle\"><svg xmlns=\"https:\/\/www.w3.org\/2000\/svg\" viewBox=\"0 0 640 512\"><path d=\"M400 0C426.5 0 448 21.49 448 48V144C448 170.5 426.5 192 400 192H352V224H608C625.7 224 640 238.3 640 256C640 273.7 625.7 288 608 288H512V320H560C586.5 320 608 341.5 608 368V464C608 490.5 586.5 512 560 512H400C373.5 512 352 490.5 352 464V368C352 341.5 373.5 320 400 320H448V288H192V320H240C266.5 320 288 341.5 288 368V464C288 490.5 266.5 512 240 512H80C53.49 512 32 490.5 32 464V368C32 341.5 53.49 320 80 320H128V288H32C14.33 288 0 273.7 0 256C0 238.3 14.33 224 32 224H288V192H240C213.5 192 192 170.5 192 144V48C192 21.49 213.5 0 240 0H400zM256 64V128H384V64H256zM224 448V384H96V448H224zM416 384V448H544V384H416z\"><\/path><\/svg><\/div><\/div><div class=\"uagb-ifb-content\"><div class=\"uagb-ifb-title-wrap\"><h3 class=\"uagb-ifb-title\">Dise\u00f1o, implementaci\u00f3n de Redes de data y VOIP:<\/h3><\/div><p class=\"uagb-ifb-desc\">Implementamos soluciones de seguridad de redes, incluyendo firewalls, proxys y medidas de seguridad avanzadas, para proteger sus activos digitales y salvaguardar la integridad de su informaci\u00f3n.<\/p><\/div><\/div>\n\n\n\n<div class=\"wp-block-uagb-info-box uagb-block-6158a99a uagb-infobox__content-wrap  uagb-infobox-icon-left uagb-infobox-left uagb-infobox-image-valign-top\"><div class=\"uagb-ifb-icon-wrap\"><div class=\"uagb-iconbox-icon-wrap uagb-infobox-shape-circle\"><svg xmlns=\"https:\/\/www.w3.org\/2000\/svg\" viewBox=\"0 0 512 512\"><path d=\"M472.8 168.4C525.1 221.4 525.1 306.6 472.8 359.6L360.8 472.9C351.5 482.3 336.3 482.4 326.9 473.1C317.4 463.8 317.4 448.6 326.7 439.1L438.6 325.9C472.5 291.6 472.5 236.4 438.6 202.1L310.9 72.87C301.5 63.44 301.6 48.25 311.1 38.93C320.5 29.61 335.7 29.7 344.1 39.13L472.8 168.4zM.0003 229.5V80C.0003 53.49 21.49 32 48 32H197.5C214.5 32 230.7 38.74 242.7 50.75L410.7 218.7C435.7 243.7 435.7 284.3 410.7 309.3L277.3 442.7C252.3 467.7 211.7 467.7 186.7 442.7L18.75 274.7C6.743 262.7 0 246.5 0 229.5L.0003 229.5zM112 112C94.33 112 80 126.3 80 144C80 161.7 94.33 176 112 176C129.7 176 144 161.7 144 144C144 126.3 129.7 112 112 112z\"><\/path><\/svg><\/div><\/div><div class=\"uagb-ifb-content\"><div class=\"uagb-ifb-title-wrap\"><h3 class=\"uagb-ifb-title\">Soluciones de Retail:<\/h3><\/div><p class=\"uagb-ifb-desc\">Implementamos soluciones para retailers llave en mano tales como: L\u00ednea de caja POS, Kioskos, Self checkout, Price Checker, PDA e Impresi\u00f3n masiva de etiquetas.<\/p><\/div><\/div>\n<\/div><\/div>\n\n\n\n<div class=\"wp-block-uagb-container uagb-block-9a4bad7b alignfull uagb-is-root-container\"><div class=\"uagb-container-inner-blocks-wrap\">\n<div class=\"wp-block-uagb-info-box uagb-block-706ce970 uagb-infobox__content-wrap  uagb-infobox-icon-left uagb-infobox-left uagb-infobox-image-valign-top\"><div class=\"uagb-ifb-icon-wrap\"><div class=\"uagb-iconbox-icon-wrap uagb-infobox-shape-circle\"><svg xmlns=\"https:\/\/www.w3.org\/2000\/svg\" viewBox=\"0 0 576 512\"><path d=\"M0 64C0 28.65 28.65 0 64 0H224V128C224 145.7 238.3 160 256 160H384V198.6C310.1 219.5 256 287.4 256 368C256 427.1 285.1 479.3 329.7 511.3C326.6 511.7 323.3 512 320 512H64C28.65 512 0 483.3 0 448V64zM256 128V0L384 128H256zM576 368C576 447.5 511.5 512 432 512C352.5 512 288 447.5 288 368C288 288.5 352.5 224 432 224C511.5 224 576 288.5 576 368zM476.7 324.7L416 385.4L387.3 356.7C381.1 350.4 370.9 350.4 364.7 356.7C358.4 362.9 358.4 373.1 364.7 379.3L404.7 419.3C410.9 425.6 421.1 425.6 427.3 419.3L499.3 347.3C505.6 341.1 505.6 330.9 499.3 324.7C493.1 318.4 482.9 318.4 476.7 324.7H476.7z\"><\/path><\/svg><\/div><\/div><div class=\"uagb-ifb-content\"><div class=\"uagb-ifb-title-wrap\"><h3 class=\"uagb-ifb-title\">Servidores, Virtualizaci\u00f3n y Almacenamiento:<\/h3><\/div><p class=\"uagb-ifb-desc\">Ofrecemos venta, instalaci\u00f3n y configuraci\u00f3n de una amplia gama de servidores, incluyendo servidores de dominio, servidores de aplicaciones, ambientes virtuales, servidores de bases de datos, servidores de correo y servidores web, as\u00ed como soluciones de almacenamiento de alta disponibilidad como SAN, NAS y DAS.<\/p><\/div><\/div>\n\n\n\n<div class=\"wp-block-uagb-info-box uagb-block-14f4c019 uagb-infobox__content-wrap  uagb-infobox-icon-left uagb-infobox-left uagb-infobox-image-valign-top\"><div class=\"uagb-ifb-icon-wrap\"><div class=\"uagb-iconbox-icon-wrap uagb-infobox-shape-circle\"><svg xmlns=\"https:\/\/www.w3.org\/2000\/svg\" viewBox=\"0 0 640 512\"><path d=\"M128 96h384v256h64v-272c0-26.38-21.62-48-48-48h-416c-26.38 0-48 21.62-48 48V352h64V96zM624 383.1h-608c-8.75 0-16 7.25-16 16v16c0 35.25 28.75 64 64 64h512c35.25 0 64-28.75 64-64v-16C640 391.2 632.8 383.1 624 383.1z\"><\/path><\/svg><\/div><\/div><div class=\"uagb-ifb-content\"><div class=\"uagb-ifb-title-wrap\"><h3 class=\"uagb-ifb-title\">BACKUP:<\/h3><\/div><p class=\"uagb-ifb-desc\">Soluciones de respaldo y continuidad de negocios.<\/p><\/div><\/div>\n<\/div><\/div>\n\n\n\n<p><\/p>\n\n\n\n<p>En Indexa, estamos comprometidos a proporcionar soluciones tecnol\u00f3gicas integrales que impulsen el crecimiento y la eficiencia de su empresa. Conf\u00ede en nosotros para dise\u00f1ar, implementar y mantener una infraestructura IT s\u00f3lida y confiable que satisfaga las demandas de su negocio en la era digital. <\/p>\n\n\n\n<div class=\"wp-block-uagb-advanced-heading uagb-block-7ed4f5af\"><h3 class=\"uagb-heading-text\">\u00a1Ellos han confiado en nuestro trabajo!<\/h3><\/div>\n\n\n\n<div class=\"wp-block-uagb-advanced-heading uagb-block-a13d3af7\"><h2 class=\"uagb-heading-text\">Nuestros Clientes<\/h2><\/div>\n\n\n\n<div class=\"wp-block-uagb-container uagb-block-a5adc5aa alignfull uagb-is-root-container\"><div class=\"uagb-container-inner-blocks-wrap\">\n<div class=\"wp-block-uagb-container uagb-block-a92ee9f1\">\n<div class=\"wp-block-uagb-image aligncenter uagb-block-8330871b wp-block-uagb-image--layout-default wp-block-uagb-image--effect-static wp-block-uagb-image--align-center\"><figure class=\"wp-block-uagb-image__figure\"><img decoding=\"async\" srcset=\"https:\/\/wp.indexa.com.ve\/wp-content\/uploads\/2024\/06\/logo-Kromi-1-e1720062424584.jpg ,https:\/\/wp.indexa.com.ve\/wp-content\/uploads\/2024\/06\/logo-Kromi-1-e1720062424584.jpg 780w, https:\/\/wp.indexa.com.ve\/wp-content\/uploads\/2024\/06\/logo-Kromi-1-e1720062424584.jpg 360w\" sizes=\"auto, (max-width: 480px) 150px\" src=\"https:\/\/wp.indexa.com.ve\/wp-content\/uploads\/2024\/06\/logo-Kromi-1-e1720062424584.jpg\" alt=\"\" class=\"uag-image-1397\" width=\"142\" height=\"142\" title=\"logo Kromi\" loading=\"lazy\"\/><\/figure><\/div>\n<\/div>\n\n\n\n<div class=\"wp-block-uagb-container uagb-block-453abbb1\">\n<div class=\"wp-block-uagb-image aligncenter uagb-block-f9447160 wp-block-uagb-image--layout-default wp-block-uagb-image--effect-static wp-block-uagb-image--align-center\"><figure class=\"wp-block-uagb-image__figure\"><img decoding=\"async\" srcset=\"https:\/\/wp.indexa.com.ve\/wp-content\/uploads\/2024\/04\/7.png ,https:\/\/wp.indexa.com.ve\/wp-content\/uploads\/2024\/04\/7.png 780w, https:\/\/wp.indexa.com.ve\/wp-content\/uploads\/2024\/04\/7.png 360w\" sizes=\"auto, (max-width: 480px) 150px\" src=\"https:\/\/wp.indexa.com.ve\/wp-content\/uploads\/2024\/04\/7.png\" alt=\"\" class=\"uag-image-1269\" width=\"199\" height=\"38\" title=\"7\" loading=\"lazy\"\/><\/figure><\/div>\n<\/div>\n\n\n\n<div class=\"wp-block-uagb-container uagb-block-17cb872b\">\n<div class=\"wp-block-uagb-image aligncenter uagb-block-672ced15 wp-block-uagb-image--layout-default wp-block-uagb-image--effect-static wp-block-uagb-image--align-center\"><figure class=\"wp-block-uagb-image__figure\"><img decoding=\"async\" srcset=\"https:\/\/wp.indexa.com.ve\/wp-content\/uploads\/2024\/04\/6.png ,https:\/\/wp.indexa.com.ve\/wp-content\/uploads\/2024\/04\/6.png 780w, https:\/\/wp.indexa.com.ve\/wp-content\/uploads\/2024\/04\/6.png 360w\" sizes=\"auto, (max-width: 480px) 150px\" src=\"https:\/\/wp.indexa.com.ve\/wp-content\/uploads\/2024\/04\/6.png\" alt=\"\" class=\"uag-image-1268\" width=\"200\" height=\"51\" title=\"6\" loading=\"lazy\"\/><\/figure><\/div>\n<\/div>\n\n\n\n<div class=\"wp-block-uagb-container uagb-block-5aac4dbb\">\n<div class=\"wp-block-uagb-image aligncenter uagb-block-e193a7a1 wp-block-uagb-image--layout-default wp-block-uagb-image--effect-static wp-block-uagb-image--align-center\"><figure class=\"wp-block-uagb-image__figure\"><img decoding=\"async\" srcset=\"https:\/\/wp.indexa.com.ve\/wp-content\/uploads\/2024\/04\/5.png ,https:\/\/wp.indexa.com.ve\/wp-content\/uploads\/2024\/04\/5.png 780w, https:\/\/wp.indexa.com.ve\/wp-content\/uploads\/2024\/04\/5.png 360w\" sizes=\"auto, (max-width: 480px) 150px\" src=\"https:\/\/wp.indexa.com.ve\/wp-content\/uploads\/2024\/04\/5.png\" alt=\"\" class=\"uag-image-1267\" width=\"194\" height=\"56\" title=\"5\" loading=\"lazy\"\/><\/figure><\/div>\n<\/div>\n<\/div><\/div>\n\n\n\n<div class=\"wp-block-uagb-container uagb-block-427b8264 alignfull uagb-is-root-container\"><div class=\"uagb-container-inner-blocks-wrap\">\n<div class=\"wp-block-uagb-container uagb-block-4e125be6\">\n<div class=\"wp-block-uagb-image aligncenter uagb-block-67a89b53 wp-block-uagb-image--layout-default wp-block-uagb-image--effect-static wp-block-uagb-image--align-center\"><figure class=\"wp-block-uagb-image__figure\"><img decoding=\"async\" srcset=\"https:\/\/wp.indexa.com.ve\/wp-content\/uploads\/2024\/04\/4.png ,https:\/\/wp.indexa.com.ve\/wp-content\/uploads\/2024\/04\/4.png 780w, https:\/\/wp.indexa.com.ve\/wp-content\/uploads\/2024\/04\/4.png 360w\" sizes=\"auto, (max-width: 480px) 150px\" src=\"https:\/\/wp.indexa.com.ve\/wp-content\/uploads\/2024\/04\/4.png\" alt=\"\" class=\"uag-image-1266\" width=\"194\" height=\"52\" title=\"4\" loading=\"lazy\"\/><\/figure><\/div>\n<\/div>\n\n\n\n<div class=\"wp-block-uagb-container uagb-block-a6552f3a\">\n<div class=\"wp-block-uagb-image aligncenter uagb-block-41ebb4ad wp-block-uagb-image--layout-default wp-block-uagb-image--effect-static wp-block-uagb-image--align-center\"><figure class=\"wp-block-uagb-image__figure\"><img decoding=\"async\" srcset=\"https:\/\/wp.indexa.com.ve\/wp-content\/uploads\/2024\/04\/3.png ,https:\/\/wp.indexa.com.ve\/wp-content\/uploads\/2024\/04\/3.png 780w, https:\/\/wp.indexa.com.ve\/wp-content\/uploads\/2024\/04\/3.png 360w\" sizes=\"auto, (max-width: 480px) 150px\" src=\"https:\/\/wp.indexa.com.ve\/wp-content\/uploads\/2024\/04\/3.png\" alt=\"\" class=\"uag-image-1265\" width=\"199\" height=\"38\" title=\"3\" loading=\"lazy\"\/><\/figure><\/div>\n<\/div>\n\n\n\n<div class=\"wp-block-uagb-container uagb-block-2f6c0fb4\">\n<div class=\"wp-block-uagb-image aligncenter uagb-block-c76e48a8 wp-block-uagb-image--layout-default wp-block-uagb-image--effect-static wp-block-uagb-image--align-center\"><figure class=\"wp-block-uagb-image__figure\"><img decoding=\"async\" srcset=\"https:\/\/wp.indexa.com.ve\/wp-content\/uploads\/2024\/04\/2.png ,https:\/\/wp.indexa.com.ve\/wp-content\/uploads\/2024\/04\/2.png 780w, https:\/\/wp.indexa.com.ve\/wp-content\/uploads\/2024\/04\/2.png 360w\" sizes=\"auto, (max-width: 480px) 150px\" src=\"https:\/\/wp.indexa.com.ve\/wp-content\/uploads\/2024\/04\/2.png\" alt=\"\" class=\"uag-image-1264\" width=\"200\" height=\"51\" title=\"2\" loading=\"lazy\"\/><\/figure><\/div>\n<\/div>\n\n\n\n<div class=\"wp-block-uagb-container uagb-block-d317a0f4\">\n<div class=\"wp-block-uagb-image aligncenter uagb-block-d07390e9 wp-block-uagb-image--layout-default wp-block-uagb-image--effect-static wp-block-uagb-image--align-center\"><figure class=\"wp-block-uagb-image__figure\"><img decoding=\"async\" srcset=\"https:\/\/wp.indexa.com.ve\/wp-content\/uploads\/2024\/04\/1.png ,https:\/\/wp.indexa.com.ve\/wp-content\/uploads\/2024\/04\/1.png 780w, https:\/\/wp.indexa.com.ve\/wp-content\/uploads\/2024\/04\/1.png 360w\" sizes=\"auto, (max-width: 480px) 150px\" src=\"https:\/\/wp.indexa.com.ve\/wp-content\/uploads\/2024\/04\/1.png\" alt=\"\" class=\"uag-image-1263\" width=\"194\" height=\"56\" title=\"1\" loading=\"lazy\"\/><\/figure><\/div>\n<\/div>\n<\/div><\/div>\n","protected":false},"excerpt":{"rendered":"<p>SOLUCIONES DE IT Soluciones Tecnol\u00f3gicas Integradas (Software -Hardware) \u00c1reas de Experticia. En Indexa, estamos comprometidos a proporcionar soluciones tecnol\u00f3gicas integrales que impulsen el crecimiento y la eficiencia de su empresa. Conf\u00ede en nosotros para dise\u00f1ar, implementar y mantener una infraestructura IT s\u00f3lida y confiable que satisfaga las demandas de su negocio en la era digital. [&hellip;]<\/p>\n","protected":false},"author":1,"featured_media":0,"parent":0,"menu_order":0,"comment_status":"closed","ping_status":"closed","template":"","meta":{"_uag_custom_page_level_css":"","site-sidebar-layout":"default","site-content-layout":"","ast-site-content-layout":"default","site-content-style":"default","site-sidebar-style":"default","ast-global-header-display":"","ast-banner-title-visibility":"","ast-main-header-display":"","ast-hfb-above-header-display":"","ast-hfb-below-header-display":"","ast-hfb-mobile-header-display":"","site-post-title":"disabled","ast-breadcrumbs-content":"","ast-featured-img":"","footer-sml-layout":"","theme-transparent-header-meta":"","adv-header-id-meta":"","stick-header-meta":"","header-above-stick-meta":"","header-main-stick-meta":"","header-below-stick-meta":"","astra-migrate-meta-layouts":"set","ast-page-background-enabled":"default","ast-page-background-meta":{"desktop":{"background-color":"var(--ast-global-color-4)","background-image":"","background-repeat":"repeat","background-position":"center center","background-size":"auto","background-attachment":"scroll","background-type":"","background-media":"","overlay-type":"","overlay-color":"","overlay-gradient":""},"tablet":{"background-color":"","background-image":"","background-repeat":"repeat","background-position":"center center","background-size":"auto","background-attachment":"scroll","background-type":"","background-media":"","overlay-type":"","overlay-color":"","overlay-gradient":""},"mobile":{"background-color":"","background-image":"","background-repeat":"repeat","background-position":"center center","background-size":"auto","background-attachment":"scroll","background-type":"","background-media":"","overlay-type":"","overlay-color":"","overlay-gradient":""}},"ast-content-background-meta":{"desktop":{"background-color":"var(--ast-global-color-5)","background-image":"","background-repeat":"repeat","background-position":"center center","background-size":"auto","background-attachment":"scroll","background-type":"","background-media":"","overlay-type":"","overlay-color":"","overlay-gradient":""},"tablet":{"background-color":"var(--ast-global-color-5)","background-image":"","background-repeat":"repeat","background-position":"center center","background-size":"auto","background-attachment":"scroll","background-type":"","background-media":"","overlay-type":"","overlay-color":"","overlay-gradient":""},"mobile":{"background-color":"var(--ast-global-color-5)","background-image":"","background-repeat":"repeat","background-position":"center center","background-size":"auto","background-attachment":"scroll","background-type":"","background-media":"","overlay-type":"","overlay-color":"","overlay-gradient":""}},"footnotes":""},"class_list":["post-1307","page","type-page","status-publish","hentry"],"uagb_featured_image_src":{"full":false,"thumbnail":false,"medium":false,"medium_large":false,"large":false,"1536x1536":false,"2048x2048":false},"uagb_author_info":{"display_name":"indexa","author_link":"https:\/\/wp.indexa.com.ve\/?author=1"},"uagb_comment_info":0,"uagb_excerpt":"SOLUCIONES DE IT Soluciones Tecnol\u00f3gicas Integradas (Software -Hardware) \u00c1reas de Experticia. En Indexa, estamos comprometidos a proporcionar soluciones tecnol\u00f3gicas integrales que impulsen el crecimiento y la eficiencia de su empresa. Conf\u00ede en nosotros para dise\u00f1ar, implementar y mantener una infraestructura IT s\u00f3lida y confiable que satisfaga las demandas de su negocio en la era digital.&hellip;","_links":{"self":[{"href":"https:\/\/wp.indexa.com.ve\/index.php?rest_route=\/wp\/v2\/pages\/1307","targetHints":{"allow":["GET"]}}],"collection":[{"href":"https:\/\/wp.indexa.com.ve\/index.php?rest_route=\/wp\/v2\/pages"}],"about":[{"href":"https:\/\/wp.indexa.com.ve\/index.php?rest_route=\/wp\/v2\/types\/page"}],"author":[{"embeddable":true,"href":"https:\/\/wp.indexa.com.ve\/index.php?rest_route=\/wp\/v2\/users\/1"}],"replies":[{"embeddable":true,"href":"https:\/\/wp.indexa.com.ve\/index.php?rest_route=%2Fwp%2Fv2%2Fcomments&post=1307"}],"version-history":[{"count":9,"href":"https:\/\/wp.indexa.com.ve\/index.php?rest_route=\/wp\/v2\/pages\/1307\/revisions"}],"predecessor-version":[{"id":1436,"href":"https:\/\/wp.indexa.com.ve\/index.php?rest_route=\/wp\/v2\/pages\/1307\/revisions\/1436"}],"wp:attachment":[{"href":"https:\/\/wp.indexa.com.ve\/index.php?rest_route=%2Fwp%2Fv2%2Fmedia&parent=1307"}],"curies":[{"name":"wp","href":"https:\/\/api.w.org\/{rel}","templated":true}]}}