{"id":501,"date":"2022-02-21T12:45:14","date_gmt":"2022-02-21T12:45:14","guid":{"rendered":"https:\/\/wp.indexa.com.ve\/contact\/"},"modified":"2025-09-15T16:36:27","modified_gmt":"2025-09-15T14:36:27","slug":"contacto","status":"publish","type":"page","link":"https:\/\/wp.indexa.com.ve\/?page_id=501","title":{"rendered":"Contacto"},"content":{"rendered":"\n<div class=\"wp-block-uagb-container uagb-block-ffc1542d alignfull uagb-is-root-container\"><div class=\"uagb-container-inner-blocks-wrap\">\n<div class=\"wp-block-uagb-advanced-heading uagb-block-bdd64c41\"><h1 class=\"uagb-heading-text\">Contacto<\/h1><\/div>\n<\/div><\/div>\n\n\n\n<div class=\"wp-block-uagb-container uagb-block-7dc9cc23 alignfull uagb-is-root-container\"><div class=\"uagb-container-inner-blocks-wrap\">\n<div class=\"wp-block-uagb-advanced-heading uagb-block-a5786f19\"><h3 class=\"uagb-heading-text\">\u00a1Estaremos encantados de poder atenderte!<\/h3><\/div>\n\n\n\n<div class=\"wp-block-uagb-advanced-heading uagb-block-d01f1652\"><h2 class=\"uagb-heading-text\">Nuestros Contactos<\/h2><\/div>\n\n\n\n<div class=\"wp-block-uagb-container uagb-block-d6700654\">\n<div class=\"wp-block-uagb-container uagb-block-1fff6dde\">\n<div class=\"wp-block-uagb-advanced-heading uagb-block-08cb741b\"><h3 class=\"uagb-heading-text\">Valencia, Carabobo<\/h3><\/div>\n\n\n\n<div class=\"wp-block-uagb-advanced-heading uagb-block-5d192c3e\"><h4 class=\"uagb-heading-text\">Direcci\u00f3n:<\/h4><p class=\"uagb-desc-text\">Av. Uslar, CC Concepto La Vi\u00f1a, Piso 2, Ofic. C16 al C19. La Vi\u00f1a, Valencia, Edo. Carabobo, Venezuela, 2002<\/p><\/div>\n\n\n\n<div class=\"wp-block-uagb-advanced-heading uagb-block-1281e7c8\"><h4 class=\"uagb-heading-text\">Telefono:<\/h4><p class=\"uagb-desc-text\"><mark class=\"uagb-highlight\"><strong>+58 424-414-2515<\/strong><\/mark><\/p><\/div>\n\n\n\n<div class=\"wp-block-uagb-advanced-heading uagb-block-177bb471\"><h4 class=\"uagb-heading-text\">Email:<\/h4><p class=\"uagb-desc-text\">Info@indexa.com.ve<\/p><\/div>\n\n\n\n<div class=\"wp-block-uagb-buttons uagb-buttons__outer-wrap uagb-btn__default-btn uagb-btn-tablet__default-btn uagb-btn-mobile__default-btn uagb-block-04310522\"><div class=\"uagb-buttons__wrap uagb-buttons-layout-wrap\">\n<div class=\"wp-block-uagb-buttons-child uagb-buttons__outer-wrap uagb-block-a2335ad6 wp-block-button is-style-outline\"><div class=\"uagb-button__wrapper\"><a class=\"uagb-buttons-repeater wp-block-button__link\" aria-label=\"\" href=\"https:\/\/maps.app.goo.gl\/pR5BYsvgBgyDq3gEA?g_st=ic \" rel=\"follow noopener\" target=\"_blank\"><div class=\"uagb-button__link\">Direcci\u00f3n<\/div><\/a><\/div><\/div>\n<\/div><\/div>\n<\/div>\n\n\n\n<div class=\"wp-block-uagb-container uagb-block-c4b336b9\">\t\t\t<div \n\t\t\tclass=\"wp-block-uagb-google-map uagb-google-map__wrap uagb-block-22a9c63a     \"\n\t\t\tstyle=\"\" >\n\t\t\t\t<embed\n\t\t\t\t\tclass=\"uagb-google-map__iframe\"\n\t\t\t\t\ttitle=\"Google Map for \"\n\t\t\t\t\tsrc=\"https:\/\/maps.google.com\/maps?q=CC%20Concepto%20La%20Vi%C3%B1a&#038;z=12&#038;hl=en&#038;t=m&#038;output=embed&#038;iwloc=near\"\n\t\t\t\t\twidth=\"640\"\n\t\t\t\t\theight=\"500\"\n\t\t\t\t\tloading=\"lazy\"\n\t\t\t\t><\/embed>\n\t\t\t<\/div>\n\t\t\t<\/div>\n<\/div>\n\n\n\n<div class=\"wp-block-uagb-info-box uagb-block-f555624e uagb-infobox__content-wrap  uagb-infobox-icon-above-title uagb-infobox-image-valign-top\"><div class=\"uagb-ifb-content\"><div class=\"uagb-ifb-title-wrap\"><\/div><div class=\"uagb-ifb-separator\"><\/div><\/div><\/div>\n\n\n\n<div class=\"wp-block-uagb-container uagb-block-7e1df0ed\">\n<div class=\"wp-block-uagb-container uagb-block-00d1bb2a\">\n<div class=\"wp-block-uagb-advanced-heading uagb-block-cce372b7\"><h3 class=\"uagb-heading-text\">Caracas, Distrito Capital<\/h3><\/div>\n\n\n\n<p>Av. Francisco Miranda, Torre Provincial A, Piso 14, Ofic 141, Chacao Caracas<\/p>\n\n\n\n<div class=\"wp-block-uagb-advanced-heading uagb-block-9ebf12cc\"><h4 class=\"uagb-heading-text\">Telefono:<\/h4><p class=\"uagb-desc-text\"><mark class=\"uagb-highlight\"><strong>+58 424-414-2515<\/strong><\/mark><\/p><\/div>\n\n\n\n<div class=\"wp-block-uagb-advanced-heading uagb-block-662ed539\"><h4 class=\"uagb-heading-text\">Email:<\/h4><p class=\"uagb-desc-text\">Info@indexa.com.ve<\/p><\/div>\n\n\n\n<div class=\"wp-block-uagb-buttons uagb-buttons__outer-wrap uagb-btn__default-btn uagb-btn-tablet__default-btn uagb-btn-mobile__default-btn uagb-block-b1217091\"><div class=\"uagb-buttons__wrap uagb-buttons-layout-wrap\">\n<div class=\"wp-block-uagb-buttons-child uagb-buttons__outer-wrap uagb-block-e2c4c049 wp-block-button is-style-outline\"><div class=\"uagb-button__wrapper\"><a class=\"uagb-buttons-repeater wp-block-button__link\" aria-label=\"\" href=\"https:\/\/maps.app.goo.gl\/DdWCXJ1FDWXNCyFeA\" rel=\"follow noopener\" target=\"_self\"><div class=\"uagb-button__link\">Direcci\u00f3n<\/div><\/a><\/div><\/div>\n<\/div><\/div>\n<\/div>\n\n\n\n<div class=\"wp-block-uagb-container uagb-block-128d4794\">\n<div class=\"wp-block-uagb-container uagb-block-ed712875\">\n<div class=\"wp-block-uagb-container uagb-block-bcf14cc6\">\n<div class=\"wp-block-uagb-container uagb-block-9ba1c739\">\n<div class=\"wp-block-columns is-layout-flex wp-container-core-columns-is-layout-28f84493 wp-block-columns-is-layout-flex\">\n<div class=\"wp-block-column is-layout-flow wp-block-column-is-layout-flow\" style=\"flex-basis:100%\">\t\t\t<div \n\t\t\tclass=\"wp-block-uagb-google-map uagb-google-map__wrap uagb-block-a892d687     \"\n\t\t\tstyle=\"\" >\n\t\t\t\t<embed\n\t\t\t\t\tclass=\"uagb-google-map__iframe\"\n\t\t\t\t\ttitle=\"Google Map for \"\n\t\t\t\t\tsrc=\"https:\/\/maps.google.com\/maps?q=Av%20Francisco%20Miranda%2C%20Torre%20Provincial%20A%2C%20Piso%2014%2C%20Ofic%20141%2C%C2%A0Chacao%C2%A0Caracas&#038;z=12&#038;hl=en&#038;t=m&#038;output=embed&#038;iwloc=near\"\n\t\t\t\t\twidth=\"640\"\n\t\t\t\t\theight=\"300\"\n\t\t\t\t\tloading=\"lazy\"\n\t\t\t\t><\/embed>\n\t\t\t<\/div>\n\t\t\t<\/div>\n<\/div>\n<\/div>\n<\/div>\n<\/div>\n<\/div>\n<\/div>\n\n\n\n<div class=\"wp-block-uagb-info-box uagb-block-d5ea1786 uagb-infobox__content-wrap  uagb-infobox-icon-above-title uagb-infobox-image-valign-top\"><div class=\"uagb-ifb-content\"><div class=\"uagb-ifb-title-wrap\"><\/div><div class=\"uagb-ifb-separator\"><\/div><\/div><\/div>\n<\/div><\/div>\n","protected":false},"excerpt":{"rendered":"<p>Contacto \u00a1Estaremos encantados de poder atenderte! Nuestros Contactos Valencia, Carabobo Direcci\u00f3n: Av. Uslar, CC Concepto La Vi\u00f1a, Piso 2, Ofic. C16 al C19. La Vi\u00f1a, Valencia, Edo. Carabobo, Venezuela, 2002 Telefono: +58 424-414-2515 Email: Info@indexa.com.ve Caracas, Distrito Capital Av. Francisco Miranda, Torre Provincial A, Piso 14, Ofic 141, Chacao Caracas Telefono: +58 424-414-2515 Email: Info@indexa.com.ve<\/p>\n","protected":false},"author":1,"featured_media":0,"parent":0,"menu_order":0,"comment_status":"closed","ping_status":"closed","template":"","meta":{"_uag_custom_page_level_css":"","site-sidebar-layout":"no-sidebar","site-content-layout":"plain-container","ast-site-content-layout":"normal-width-container","site-content-style":"unboxed","site-sidebar-style":"unboxed","ast-global-header-display":"","ast-banner-title-visibility":"","ast-main-header-display":"","ast-hfb-above-header-display":"","ast-hfb-below-header-display":"","ast-hfb-mobile-header-display":"","site-post-title":"disabled","ast-breadcrumbs-content":"","ast-featured-img":"disabled","footer-sml-layout":"","theme-transparent-header-meta":"enabled","adv-header-id-meta":"","stick-header-meta":"","header-above-stick-meta":"","header-main-stick-meta":"","header-below-stick-meta":"","astra-migrate-meta-layouts":"set","ast-page-background-enabled":"default","ast-page-background-meta":{"desktop":{"background-color":"var(--ast-global-color-4)","background-image":"","background-repeat":"repeat","background-position":"center center","background-size":"auto","background-attachment":"scroll","background-type":"","background-media":"","overlay-type":"","overlay-color":"","overlay-gradient":""},"tablet":{"background-color":"","background-image":"","background-repeat":"repeat","background-position":"center center","background-size":"auto","background-attachment":"scroll","background-type":"","background-media":"","overlay-type":"","overlay-color":"","overlay-gradient":""},"mobile":{"background-color":"","background-image":"","background-repeat":"repeat","background-position":"center center","background-size":"auto","background-attachment":"scroll","background-type":"","background-media":"","overlay-type":"","overlay-color":"","overlay-gradient":""}},"ast-content-background-meta":{"desktop":{"background-color":"var(--ast-global-color-5)","background-image":"","background-repeat":"repeat","background-position":"center center","background-size":"auto","background-attachment":"scroll","background-type":"","background-media":"","overlay-type":"","overlay-color":"","overlay-gradient":""},"tablet":{"background-color":"var(--ast-global-color-5)","background-image":"","background-repeat":"repeat","background-position":"center center","background-size":"auto","background-attachment":"scroll","background-type":"","background-media":"","overlay-type":"","overlay-color":"","overlay-gradient":""},"mobile":{"background-color":"var(--ast-global-color-5)","background-image":"","background-repeat":"repeat","background-position":"center center","background-size":"auto","background-attachment":"scroll","background-type":"","background-media":"","overlay-type":"","overlay-color":"","overlay-gradient":""}},"footnotes":""},"class_list":["post-501","page","type-page","status-publish","hentry"],"uagb_featured_image_src":{"full":false,"thumbnail":false,"medium":false,"medium_large":false,"large":false,"1536x1536":false,"2048x2048":false},"uagb_author_info":{"display_name":"indexa","author_link":"https:\/\/wp.indexa.com.ve\/?author=1"},"uagb_comment_info":0,"uagb_excerpt":"Contacto \u00a1Estaremos encantados de poder atenderte! Nuestros Contactos Valencia, Carabobo Direcci\u00f3n: Av. Uslar, CC Concepto La Vi\u00f1a, Piso 2, Ofic. C16 al C19. La Vi\u00f1a, Valencia, Edo. Carabobo, Venezuela, 2002 Telefono: +58 424-414-2515 Email: Info@indexa.com.ve Caracas, Distrito Capital Av. Francisco Miranda, Torre Provincial A, Piso 14, Ofic 141, Chacao Caracas Telefono: +58 424-414-2515 Email: Info@indexa.com.ve","_links":{"self":[{"href":"https:\/\/wp.indexa.com.ve\/index.php?rest_route=\/wp\/v2\/pages\/501","targetHints":{"allow":["GET"]}}],"collection":[{"href":"https:\/\/wp.indexa.com.ve\/index.php?rest_route=\/wp\/v2\/pages"}],"about":[{"href":"https:\/\/wp.indexa.com.ve\/index.php?rest_route=\/wp\/v2\/types\/page"}],"author":[{"embeddable":true,"href":"https:\/\/wp.indexa.com.ve\/index.php?rest_route=\/wp\/v2\/users\/1"}],"replies":[{"embeddable":true,"href":"https:\/\/wp.indexa.com.ve\/index.php?rest_route=%2Fwp%2Fv2%2Fcomments&post=501"}],"version-history":[{"count":10,"href":"https:\/\/wp.indexa.com.ve\/index.php?rest_route=\/wp\/v2\/pages\/501\/revisions"}],"predecessor-version":[{"id":1448,"href":"https:\/\/wp.indexa.com.ve\/index.php?rest_route=\/wp\/v2\/pages\/501\/revisions\/1448"}],"wp:attachment":[{"href":"https:\/\/wp.indexa.com.ve\/index.php?rest_route=%2Fwp%2Fv2%2Fmedia&parent=501"}],"curies":[{"name":"wp","href":"https:\/\/api.w.org\/{rel}","templated":true}]}}